{"id":2131,"date":"2018-11-06T16:25:56","date_gmt":"2018-11-06T15:25:56","guid":{"rendered":"https:\/\/erotikgebiet.de\/?page_id=2131"},"modified":"2018-11-06T16:25:56","modified_gmt":"2018-11-06T15:25:56","slug":"bannerexchange","status":"publish","type":"page","link":"https:\/\/www.erotikgebiet.de\/de_de\/bannerexchange\/","title":{"rendered":"bannerexchange"},"content":{"rendered":"<p><b><span style=\"color: #ff0000; font-family: Verdana; font-size: small;\">Amateurerotik-Topliste\u00a0\u00a0\u00a0\u00a0\u00a0\u00a0\u00a0\u00a0\u00a0\u00a0\u00a0\u00a0\u00a0 Adultwebmasterforum<\/span><\/b><\/p>\n<blockquote><p><span style=\"font-family: Verdana, Arial, Helvetica, sans-serif; font-size: medium;\"><b>Kostenlose Werbung f\u00fcr Ihre Internetpr\u00e4senz<\/b><\/span><\/p>\n<p><span style=\"font-family: Verdana, Arial, Helvetica, sans-serif; font-size: small;\">Um die Zugriffe auf Ihre Homepage zu steigern bieten wir Ihnen:<\/span><\/p><\/blockquote>\n<ul>\n<li><span style=\"font-family: Verdana, Arial, Helvetica, sans-serif; font-size: small;\"><b>umfangreiche Statistiken<\/b><\/span><\/li>\n<li><span style=\"font-family: Verdana, Arial, Helvetica, sans-serif; font-size: small;\"><b>Einblendungsverh\u00e4ltnis: 4:3<\/b><\/span><\/li>\n<li><span style=\"font-family: Verdana, Arial, Helvetica, sans-serif; font-size: small;\"><b>2.000 Einblendungen f\u00fcr neue Mitglieder gratis<\/b><\/span><\/li>\n<li><span style=\"font-family: Verdana, Arial, Helvetica, sans-serif; font-size: small;\"><b>Multibanner Sie k\u00f6nnen bis zu 5 verschiedene Banner benutzen<\/b><\/span><\/li>\n<li><span style=\"font-family: Verdana, Arial, Helvetica, sans-serif; font-size: small;\"><b>ID Sperre Eigener Banner wird nicht auf Ihrer Seite angezeigt<\/b><\/span><\/li>\n<li><span style=\"font-family: Verdana, Arial, Helvetica, sans-serif; font-size: small;\"><b>Reloadsperre Schutz vor Manipulationen<\/b><\/span><\/li>\n<li><span style=\"font-family: Verdana, Arial, Helvetica, sans-serif; font-size: small;\"><b>Deutscher Server<\/b><\/span><\/li>\n<\/ul>\n<p>&nbsp;<\/p>\n<ul>\n<li><b><span style=\"font-family: Verdana; font-size: small;\">Je nach Klickrate und Zusammenarbeit Zusatzleistungen<\/span><\/b><\/li>\n<li><b><span style=\"font-family: Verdana; font-size: small;\">Nahezu Spammsicher, bei Verbesserungen oder Verdacht einfach Email schicken<\/span><\/b><\/li>\n<\/ul>\n<p><span style=\"font-family: Verdana, Arial, Helvetica, sans-serif; font-size: medium;\"><b>Jetzt Anmelden und 2000 Gratis Einblendungen kassieren<\/b><\/span><\/p>\n","protected":false},"excerpt":{"rendered":"<p>Amateurerotik-Topliste\u00a0\u00a0\u00a0\u00a0\u00a0\u00a0\u00a0\u00a0\u00a0\u00a0\u00a0\u00a0\u00a0 Adultwebmasterforum Kostenlose Werbung f\u00fcr Ihre Internetpr\u00e4senz Um die Zugriffe auf Ihre Homepage zu steigern bieten wir Ihnen: umfangreiche Statistiken Einblendungsverh\u00e4ltnis: 4:3 2.000 Einblendungen f\u00fcr neue Mitglieder gratis Multibanner Sie k\u00f6nnen bis zu 5 verschiedene Banner benutzen ID Sperre Eigener Banner wird nicht auf Ihrer Seite angezeigt Reloadsperre Schutz vor Manipulationen Deutscher Server &nbsp; Je [&hellip;]<\/p>\n","protected":false},"author":1,"featured_media":0,"parent":0,"menu_order":0,"comment_status":"closed","ping_status":"closed","template":"","meta":{"footnotes":""},"class_list":["post-2131","page","type-page","status-publish","hentry"],"yoast_head":"<!-- This site is optimized with the Yoast SEO plugin v25.5 - https:\/\/yoast.com\/wordpress\/plugins\/seo\/ -->\n<title>bannerexchange - www.erotikgebiet.de<\/title>\n<meta name=\"robots\" content=\"index, follow, max-snippet:-1, max-image-preview:large, max-video-preview:-1\" \/>\n<link rel=\"canonical\" href=\"https:\/\/www.erotikgebiet.de\/de_de\/bannerexchange\/\" \/>\n<meta property=\"og:locale\" content=\"de_DE\" \/>\n<meta property=\"og:type\" content=\"article\" \/>\n<meta property=\"og:title\" content=\"bannerexchange - www.erotikgebiet.de\" \/>\n<meta property=\"og:description\" content=\"Amateurerotik-Topliste\u00a0\u00a0\u00a0\u00a0\u00a0\u00a0\u00a0\u00a0\u00a0\u00a0\u00a0\u00a0\u00a0 Adultwebmasterforum Kostenlose Werbung f\u00fcr Ihre Internetpr\u00e4senz Um die Zugriffe auf Ihre Homepage zu steigern bieten wir Ihnen: umfangreiche Statistiken Einblendungsverh\u00e4ltnis: 4:3 2.000 Einblendungen f\u00fcr neue Mitglieder gratis Multibanner Sie k\u00f6nnen bis zu 5 verschiedene Banner benutzen ID Sperre Eigener Banner wird nicht auf Ihrer Seite angezeigt Reloadsperre Schutz vor Manipulationen Deutscher Server &nbsp; Je [&hellip;]\" \/>\n<meta property=\"og:url\" content=\"https:\/\/www.erotikgebiet.de\/de_de\/bannerexchange\/\" \/>\n<meta property=\"og:site_name\" content=\"www.erotikgebiet.de\" \/>\n<meta name=\"twitter:card\" content=\"summary_large_image\" \/>\n<script type=\"application\/ld+json\" class=\"yoast-schema-graph\">{\"@context\":\"https:\/\/schema.org\",\"@graph\":[{\"@type\":\"WebPage\",\"@id\":\"https:\/\/www.erotikgebiet.de\/bannerexchange\/\",\"url\":\"https:\/\/www.erotikgebiet.de\/bannerexchange\/\",\"name\":\"bannerexchange - www.erotikgebiet.de\",\"isPartOf\":{\"@id\":\"https:\/\/www.erotikgebiet.de\/de_de\/#website\"},\"datePublished\":\"2018-11-06T15:25:56+00:00\",\"breadcrumb\":{\"@id\":\"https:\/\/www.erotikgebiet.de\/bannerexchange\/#breadcrumb\"},\"inLanguage\":\"de\",\"potentialAction\":[{\"@type\":\"ReadAction\",\"target\":[\"https:\/\/www.erotikgebiet.de\/bannerexchange\/\"]}]},{\"@type\":\"BreadcrumbList\",\"@id\":\"https:\/\/www.erotikgebiet.de\/bannerexchange\/#breadcrumb\",\"itemListElement\":[{\"@type\":\"ListItem\",\"position\":1,\"name\":\"Startseite\",\"item\":\"https:\/\/www.erotikgebiet.de\/de_de\/\"},{\"@type\":\"ListItem\",\"position\":2,\"name\":\"bannerexchange\"}]},{\"@type\":\"WebSite\",\"@id\":\"https:\/\/www.erotikgebiet.de\/de_de\/#website\",\"url\":\"https:\/\/www.erotikgebiet.de\/de_de\/\",\"name\":\"www.erotikgebiet.de\",\"description\":\"Deutschlands Erotikmagazin\",\"publisher\":{\"@id\":\"https:\/\/www.erotikgebiet.de\/de_de\/#organization\"},\"potentialAction\":[{\"@type\":\"SearchAction\",\"target\":{\"@type\":\"EntryPoint\",\"urlTemplate\":\"https:\/\/www.erotikgebiet.de\/de_de\/?s={search_term_string}\"},\"query-input\":{\"@type\":\"PropertyValueSpecification\",\"valueRequired\":true,\"valueName\":\"search_term_string\"}}],\"inLanguage\":\"de\"},{\"@type\":\"Organization\",\"@id\":\"https:\/\/www.erotikgebiet.de\/de_de\/#organization\",\"name\":\"www.erotikgebiet.de\",\"url\":\"https:\/\/www.erotikgebiet.de\/de_de\/\",\"logo\":{\"@type\":\"ImageObject\",\"inLanguage\":\"de\",\"@id\":\"https:\/\/www.erotikgebiet.de\/de_de\/#\/schema\/logo\/image\/\",\"url\":\"https:\/\/www.erotikgebiet.de\/wp-content\/uploads\/2018\/11\/erotikgebiet-logo-Klein.png\",\"contentUrl\":\"https:\/\/www.erotikgebiet.de\/wp-content\/uploads\/2018\/11\/erotikgebiet-logo-Klein.png\",\"width\":399,\"height\":80,\"caption\":\"www.erotikgebiet.de\"},\"image\":{\"@id\":\"https:\/\/www.erotikgebiet.de\/de_de\/#\/schema\/logo\/image\/\"}}]}<\/script>\n<!-- \/ Yoast SEO plugin. -->","yoast_head_json":{"title":"bannerexchange - www.erotikgebiet.de","robots":{"index":"index","follow":"follow","max-snippet":"max-snippet:-1","max-image-preview":"max-image-preview:large","max-video-preview":"max-video-preview:-1"},"canonical":"https:\/\/www.erotikgebiet.de\/de_de\/bannerexchange\/","og_locale":"de_DE","og_type":"article","og_title":"bannerexchange - www.erotikgebiet.de","og_description":"Amateurerotik-Topliste\u00a0\u00a0\u00a0\u00a0\u00a0\u00a0\u00a0\u00a0\u00a0\u00a0\u00a0\u00a0\u00a0 Adultwebmasterforum Kostenlose Werbung f\u00fcr Ihre Internetpr\u00e4senz Um die Zugriffe auf Ihre Homepage zu steigern bieten wir Ihnen: umfangreiche Statistiken Einblendungsverh\u00e4ltnis: 4:3 2.000 Einblendungen f\u00fcr neue Mitglieder gratis Multibanner Sie k\u00f6nnen bis zu 5 verschiedene Banner benutzen ID Sperre Eigener Banner wird nicht auf Ihrer Seite angezeigt Reloadsperre Schutz vor Manipulationen Deutscher Server &nbsp; Je [&hellip;]","og_url":"https:\/\/www.erotikgebiet.de\/de_de\/bannerexchange\/","og_site_name":"www.erotikgebiet.de","twitter_card":"summary_large_image","schema":{"@context":"https:\/\/schema.org","@graph":[{"@type":"WebPage","@id":"https:\/\/www.erotikgebiet.de\/bannerexchange\/","url":"https:\/\/www.erotikgebiet.de\/bannerexchange\/","name":"bannerexchange - www.erotikgebiet.de","isPartOf":{"@id":"https:\/\/www.erotikgebiet.de\/de_de\/#website"},"datePublished":"2018-11-06T15:25:56+00:00","breadcrumb":{"@id":"https:\/\/www.erotikgebiet.de\/bannerexchange\/#breadcrumb"},"inLanguage":"de","potentialAction":[{"@type":"ReadAction","target":["https:\/\/www.erotikgebiet.de\/bannerexchange\/"]}]},{"@type":"BreadcrumbList","@id":"https:\/\/www.erotikgebiet.de\/bannerexchange\/#breadcrumb","itemListElement":[{"@type":"ListItem","position":1,"name":"Startseite","item":"https:\/\/www.erotikgebiet.de\/de_de\/"},{"@type":"ListItem","position":2,"name":"bannerexchange"}]},{"@type":"WebSite","@id":"https:\/\/www.erotikgebiet.de\/de_de\/#website","url":"https:\/\/www.erotikgebiet.de\/de_de\/","name":"www.erotikgebiet.de","description":"Deutschlands Erotikmagazin","publisher":{"@id":"https:\/\/www.erotikgebiet.de\/de_de\/#organization"},"potentialAction":[{"@type":"SearchAction","target":{"@type":"EntryPoint","urlTemplate":"https:\/\/www.erotikgebiet.de\/de_de\/?s={search_term_string}"},"query-input":{"@type":"PropertyValueSpecification","valueRequired":true,"valueName":"search_term_string"}}],"inLanguage":"de"},{"@type":"Organization","@id":"https:\/\/www.erotikgebiet.de\/de_de\/#organization","name":"www.erotikgebiet.de","url":"https:\/\/www.erotikgebiet.de\/de_de\/","logo":{"@type":"ImageObject","inLanguage":"de","@id":"https:\/\/www.erotikgebiet.de\/de_de\/#\/schema\/logo\/image\/","url":"https:\/\/www.erotikgebiet.de\/wp-content\/uploads\/2018\/11\/erotikgebiet-logo-Klein.png","contentUrl":"https:\/\/www.erotikgebiet.de\/wp-content\/uploads\/2018\/11\/erotikgebiet-logo-Klein.png","width":399,"height":80,"caption":"www.erotikgebiet.de"},"image":{"@id":"https:\/\/www.erotikgebiet.de\/de_de\/#\/schema\/logo\/image\/"}}]}},"_links":{"self":[{"href":"https:\/\/www.erotikgebiet.de\/de_de\/wp-json\/wp\/v2\/pages\/2131","targetHints":{"allow":["GET"]}}],"collection":[{"href":"https:\/\/www.erotikgebiet.de\/de_de\/wp-json\/wp\/v2\/pages"}],"about":[{"href":"https:\/\/www.erotikgebiet.de\/de_de\/wp-json\/wp\/v2\/types\/page"}],"author":[{"embeddable":true,"href":"https:\/\/www.erotikgebiet.de\/de_de\/wp-json\/wp\/v2\/users\/1"}],"replies":[{"embeddable":true,"href":"https:\/\/www.erotikgebiet.de\/de_de\/wp-json\/wp\/v2\/comments?post=2131"}],"version-history":[{"count":1,"href":"https:\/\/www.erotikgebiet.de\/de_de\/wp-json\/wp\/v2\/pages\/2131\/revisions"}],"predecessor-version":[{"id":2132,"href":"https:\/\/www.erotikgebiet.de\/de_de\/wp-json\/wp\/v2\/pages\/2131\/revisions\/2132"}],"wp:attachment":[{"href":"https:\/\/www.erotikgebiet.de\/de_de\/wp-json\/wp\/v2\/media?parent=2131"}],"curies":[{"name":"wp","href":"https:\/\/api.w.org\/{rel}","templated":true}]}}