{"id":2215,"date":"2018-11-07T15:11:12","date_gmt":"2018-11-07T14:11:12","guid":{"rendered":"https:\/\/erotikgebiet.de\/?page_id=2215"},"modified":"2021-06-07T15:14:36","modified_gmt":"2021-06-07T13:14:36","slug":"impressum","status":"publish","type":"page","link":"https:\/\/www.erotikgebiet.de\/de_de\/impressum\/","title":{"rendered":"Impressum"},"content":{"rendered":"<p><strong>Angaben gem\u00e4\u00df \u00a7 5 TMG:<\/strong><\/p>\n<p>Traffx GmbH<br \/>\nN\u00e4chst Neuendorfer Landstra\u00dfe 12<br \/>\n15806 Zossen<\/p>\n<p>Telefon: +49 (0)173 305 8136 (keine telefonische Kaufberatung \/ Produktberatung!)<br \/>\nE-Mail: tobias.friedrich(at)traffx.eu (keine schriftliche Kaufberatung \/ Produktberatung)<\/p>\n<p>Gesch\u00e4ftsf\u00fchrer: Tobias Friedrich<\/p>\n<p>Registergericht: Amtsgericht Potsdam<br \/>\nRegisternummer: HRB 34921<\/p>\n<p>Umsatzsteuer-Identifikationsnummer: DE342706683<\/p>\n<p><b>Amazon Partnernet<\/b><\/p>\n<p>Tobias Friedrich ist Teilnehmer des Partnerprogramms von Amazon EU, das zur Bereitstellung eines Mediums f\u00fcr Websites konzipiert wurde, mittels dessen durch die Platzierung von Werbeanzeigen und Links zu Amazon.de Werbekostenerstattung verdient werden kann.<\/p>\n<p>Amazon setzt Cookies ein, um die Herkunft der Bestellungen nachvollziehen zu k\u00f6nnen. Unter anderem kann Amazon erkennen, dass Sie den Partnerlink auf dieser Website geklickt haben. Weitere Informationen zur Datennutzung durch Amazon erhalten Sie in der Datenschutzerkl\u00e4rung des Unternehmens:<a href=\"http:\/\/www.amazon.de\/gp\/help\/customer\/display.html\/ref=footer_privacy?ie=UTF8&amp;nodeId=3312401\">www.amazon.de\/gp\/help\/customer\/display.html\/ref=footer_privacy?ie=UTF8&amp;nodeId=3312401<\/a><\/p>\n<p><b>Foto\/Bilder Quellennachweise<\/b><\/p>\n<p><a href=\"http:\/\/www.amazon.de\/\">www.amazon.de<\/a> (Amazon Partnerprogramm)<\/p>\n<p>Weitere Bilder auf dieser Internetseite werden mit freundlicher Genehmigung durch Fotolia verwendet. Es gilt die Urheberschaft nach \u00a7 13 UrhG f\u00fcr die Bilder von:<\/p>\n<p>Weiter Bilder wurden freundlicherweise von Pixabay.de zur Verf\u00fcgung gestellt.<\/p>\n<p><strong>Haftungsausschluss (Disclaimer)<\/strong><br \/>\n<em><br \/>\nHaftung f\u00fcr Inhalte<\/em><\/p>\n<p>Als Diensteanbieter sind wir gem\u00e4\u00df \u00a7 7 Abs.1 TMG f\u00fcr eigene Inhalte auf diesen Seiten nach den allgemeinen Gesetzen verantwortlich. Nach \u00a7\u00a7 8 bis 10 TMG sind wir als Diensteanbieter jedoch nicht verpflichtet, \u00fcbermittelte oder gespeicherte fremde Informationen zu \u00fcberwachen oder nach Umst\u00e4nden zu forschen, die auf eine rechtswidrige T\u00e4tigkeit hinweisen. Verpflichtungen zur Entfernung oder Sperrung der Nutzung von Informationen nach den allgemeinen Gesetzen bleiben hiervon unber\u00fchrt. Eine diesbez\u00fcgliche Haftung ist jedoch erst ab dem Zeitpunkt der Kenntnis einer konkreten Rechtsverletzung m\u00f6glich. Bei Bekanntwerden von entsprechenden Rechtsverletzungen werden wir diese Inhalte umgehend entfernen.<br \/>\n<em><br \/>\nHaftung f\u00fcr Links<\/em><\/p>\n<p>Unser Angebot enth\u00e4lt Links zu externen Webseiten Dritter, auf deren Inhalte wir keinen Einfluss haben. Deshalb k\u00f6nnen wir f\u00fcr diese fremden Inhalte auch keine Gew\u00e4hr \u00fcbernehmen. F\u00fcr die Inhalte der verlinkten Seiten ist stets der jeweilige Anbieter oder Betreiber der Seiten verantwortlich. Die verlinkten Seiten wurden zum Zeitpunkt der Verlinkung auf m\u00f6gliche Rechtsverst\u00f6\u00dfe \u00fcberpr\u00fcft. Rechtswidrige Inhalte waren zum Zeitpunkt der Verlinkung nicht erkennbar. Eine permanente inhaltliche Kontrolle der verlinkten Seiten ist jedoch ohne konkrete Anhaltspunkte einer Rechtsverletzung nicht zumutbar. Bei Bekanntwerden von Rechtsverletzungen werden wir derartige Links umgehend entfernen.<br \/>\n<em><br \/>\nUrheberrecht<\/em><\/p>\n<p>Die durch die Seitenbetreiber erstellten Inhalte und Werke auf diesen Seiten unterliegen dem deutschen Urheberrecht. Die Vervielf\u00e4ltigung, Bearbeitung, Verbreitung und jede Art der Verwertung au\u00dferhalb der Grenzen des Urheberrechtes bed\u00fcrfen der schriftlichen Zustimmung des jeweiligen Autors bzw. Erstellers. Downloads und Kopien dieser Seite sind nur f\u00fcr den privaten, nicht kommerziellen Gebrauch gestattet. Soweit die Inhalte auf dieser Seite nicht vom Betreiber erstellt wurden, werden die Urheberrechte Dritter beachtet. Insbesondere werden Inhalte Dritter als solche gekennzeichnet. Sollten Sie trotzdem auf eine Urheberrechtsverletzung aufmerksam werden, bitten wir um einen entsprechenden Hinweis. Bei Bekanntwerden von Rechtsverletzungen werden wir derartige Inhalte umgehend entfernen.<\/p>\n<p>Quelle: <a href=\"https:\/\/www.e-recht24.de\/\"><i>eRecht24<\/i><\/a><\/p>\n","protected":false},"excerpt":{"rendered":"<p>Angaben gem\u00e4\u00df \u00a7 5 TMG: Traffx GmbH N\u00e4chst Neuendorfer Landstra\u00dfe 12 15806 Zossen Telefon: +49 (0)173 305 8136 (keine telefonische Kaufberatung \/ Produktberatung!) E-Mail: tobias.friedrich(at)traffx.eu (keine schriftliche Kaufberatung \/ Produktberatung) Gesch\u00e4ftsf\u00fchrer: Tobias Friedrich Registergericht: Amtsgericht Potsdam Registernummer: HRB 34921 Umsatzsteuer-Identifikationsnummer: DE342706683 Amazon Partnernet Tobias Friedrich ist Teilnehmer des Partnerprogramms von Amazon EU, das zur Bereitstellung [&hellip;]<\/p>\n","protected":false},"author":1,"featured_media":0,"parent":0,"menu_order":0,"comment_status":"closed","ping_status":"closed","template":"","meta":{"footnotes":""},"class_list":["post-2215","page","type-page","status-publish","hentry"],"yoast_head":"<!-- This site is optimized with the Yoast SEO plugin v25.5 - https:\/\/yoast.com\/wordpress\/plugins\/seo\/ -->\n<title>Impressum - www.erotikgebiet.de<\/title>\n<meta name=\"robots\" content=\"noindex, nofollow\" \/>\n<meta property=\"og:locale\" content=\"de_DE\" \/>\n<meta property=\"og:type\" content=\"article\" \/>\n<meta property=\"og:title\" content=\"Impressum - www.erotikgebiet.de\" \/>\n<meta property=\"og:description\" content=\"Angaben gem\u00e4\u00df \u00a7 5 TMG: Traffx GmbH N\u00e4chst Neuendorfer Landstra\u00dfe 12 15806 Zossen Telefon: +49 (0)173 305 8136 (keine telefonische Kaufberatung \/ Produktberatung!) E-Mail: tobias.friedrich(at)traffx.eu (keine schriftliche Kaufberatung \/ Produktberatung) Gesch\u00e4ftsf\u00fchrer: Tobias Friedrich Registergericht: Amtsgericht Potsdam Registernummer: HRB 34921 Umsatzsteuer-Identifikationsnummer: DE342706683 Amazon Partnernet Tobias Friedrich ist Teilnehmer des Partnerprogramms von Amazon EU, das zur Bereitstellung [&hellip;]\" \/>\n<meta property=\"og:url\" content=\"https:\/\/www.erotikgebiet.de\/de_de\/impressum\/\" \/>\n<meta property=\"og:site_name\" content=\"www.erotikgebiet.de\" \/>\n<meta property=\"article:modified_time\" content=\"2021-06-07T13:14:36+00:00\" \/>\n<meta name=\"twitter:card\" content=\"summary_large_image\" \/>\n<meta name=\"twitter:label1\" content=\"Gesch\u00e4tzte Lesezeit\" \/>\n\t<meta name=\"twitter:data1\" content=\"2\u00a0Minuten\" \/>\n<script type=\"application\/ld+json\" class=\"yoast-schema-graph\">{\"@context\":\"https:\/\/schema.org\",\"@graph\":[{\"@type\":\"WebPage\",\"@id\":\"https:\/\/www.erotikgebiet.de\/de_de\/impressum\/\",\"url\":\"https:\/\/www.erotikgebiet.de\/de_de\/impressum\/\",\"name\":\"Impressum - www.erotikgebiet.de\",\"isPartOf\":{\"@id\":\"https:\/\/www.erotikgebiet.de\/de_de\/#website\"},\"datePublished\":\"2018-11-07T14:11:12+00:00\",\"dateModified\":\"2021-06-07T13:14:36+00:00\",\"breadcrumb\":{\"@id\":\"https:\/\/www.erotikgebiet.de\/de_de\/impressum\/#breadcrumb\"},\"inLanguage\":\"de\",\"potentialAction\":[{\"@type\":\"ReadAction\",\"target\":[\"https:\/\/www.erotikgebiet.de\/de_de\/impressum\/\"]}]},{\"@type\":\"BreadcrumbList\",\"@id\":\"https:\/\/www.erotikgebiet.de\/de_de\/impressum\/#breadcrumb\",\"itemListElement\":[{\"@type\":\"ListItem\",\"position\":1,\"name\":\"Startseite\",\"item\":\"https:\/\/www.erotikgebiet.de\/de_de\/\"},{\"@type\":\"ListItem\",\"position\":2,\"name\":\"Impressum\"}]},{\"@type\":\"WebSite\",\"@id\":\"https:\/\/www.erotikgebiet.de\/de_de\/#website\",\"url\":\"https:\/\/www.erotikgebiet.de\/de_de\/\",\"name\":\"www.erotikgebiet.de\",\"description\":\"Deutschlands Erotikmagazin\",\"publisher\":{\"@id\":\"https:\/\/www.erotikgebiet.de\/de_de\/#organization\"},\"potentialAction\":[{\"@type\":\"SearchAction\",\"target\":{\"@type\":\"EntryPoint\",\"urlTemplate\":\"https:\/\/www.erotikgebiet.de\/de_de\/?s={search_term_string}\"},\"query-input\":{\"@type\":\"PropertyValueSpecification\",\"valueRequired\":true,\"valueName\":\"search_term_string\"}}],\"inLanguage\":\"de\"},{\"@type\":\"Organization\",\"@id\":\"https:\/\/www.erotikgebiet.de\/de_de\/#organization\",\"name\":\"www.erotikgebiet.de\",\"url\":\"https:\/\/www.erotikgebiet.de\/de_de\/\",\"logo\":{\"@type\":\"ImageObject\",\"inLanguage\":\"de\",\"@id\":\"https:\/\/www.erotikgebiet.de\/de_de\/#\/schema\/logo\/image\/\",\"url\":\"https:\/\/www.erotikgebiet.de\/wp-content\/uploads\/2018\/11\/erotikgebiet-logo-Klein.png\",\"contentUrl\":\"https:\/\/www.erotikgebiet.de\/wp-content\/uploads\/2018\/11\/erotikgebiet-logo-Klein.png\",\"width\":399,\"height\":80,\"caption\":\"www.erotikgebiet.de\"},\"image\":{\"@id\":\"https:\/\/www.erotikgebiet.de\/de_de\/#\/schema\/logo\/image\/\"}}]}<\/script>\n<!-- \/ Yoast SEO plugin. -->","yoast_head_json":{"title":"Impressum - www.erotikgebiet.de","robots":{"index":"noindex","follow":"nofollow"},"og_locale":"de_DE","og_type":"article","og_title":"Impressum - www.erotikgebiet.de","og_description":"Angaben gem\u00e4\u00df \u00a7 5 TMG: Traffx GmbH N\u00e4chst Neuendorfer Landstra\u00dfe 12 15806 Zossen Telefon: +49 (0)173 305 8136 (keine telefonische Kaufberatung \/ Produktberatung!) E-Mail: tobias.friedrich(at)traffx.eu (keine schriftliche Kaufberatung \/ Produktberatung) Gesch\u00e4ftsf\u00fchrer: Tobias Friedrich Registergericht: Amtsgericht Potsdam Registernummer: HRB 34921 Umsatzsteuer-Identifikationsnummer: DE342706683 Amazon Partnernet Tobias Friedrich ist Teilnehmer des Partnerprogramms von Amazon EU, das zur Bereitstellung [&hellip;]","og_url":"https:\/\/www.erotikgebiet.de\/de_de\/impressum\/","og_site_name":"www.erotikgebiet.de","article_modified_time":"2021-06-07T13:14:36+00:00","twitter_card":"summary_large_image","twitter_misc":{"Gesch\u00e4tzte Lesezeit":"2\u00a0Minuten"},"schema":{"@context":"https:\/\/schema.org","@graph":[{"@type":"WebPage","@id":"https:\/\/www.erotikgebiet.de\/de_de\/impressum\/","url":"https:\/\/www.erotikgebiet.de\/de_de\/impressum\/","name":"Impressum - www.erotikgebiet.de","isPartOf":{"@id":"https:\/\/www.erotikgebiet.de\/de_de\/#website"},"datePublished":"2018-11-07T14:11:12+00:00","dateModified":"2021-06-07T13:14:36+00:00","breadcrumb":{"@id":"https:\/\/www.erotikgebiet.de\/de_de\/impressum\/#breadcrumb"},"inLanguage":"de","potentialAction":[{"@type":"ReadAction","target":["https:\/\/www.erotikgebiet.de\/de_de\/impressum\/"]}]},{"@type":"BreadcrumbList","@id":"https:\/\/www.erotikgebiet.de\/de_de\/impressum\/#breadcrumb","itemListElement":[{"@type":"ListItem","position":1,"name":"Startseite","item":"https:\/\/www.erotikgebiet.de\/de_de\/"},{"@type":"ListItem","position":2,"name":"Impressum"}]},{"@type":"WebSite","@id":"https:\/\/www.erotikgebiet.de\/de_de\/#website","url":"https:\/\/www.erotikgebiet.de\/de_de\/","name":"www.erotikgebiet.de","description":"Deutschlands Erotikmagazin","publisher":{"@id":"https:\/\/www.erotikgebiet.de\/de_de\/#organization"},"potentialAction":[{"@type":"SearchAction","target":{"@type":"EntryPoint","urlTemplate":"https:\/\/www.erotikgebiet.de\/de_de\/?s={search_term_string}"},"query-input":{"@type":"PropertyValueSpecification","valueRequired":true,"valueName":"search_term_string"}}],"inLanguage":"de"},{"@type":"Organization","@id":"https:\/\/www.erotikgebiet.de\/de_de\/#organization","name":"www.erotikgebiet.de","url":"https:\/\/www.erotikgebiet.de\/de_de\/","logo":{"@type":"ImageObject","inLanguage":"de","@id":"https:\/\/www.erotikgebiet.de\/de_de\/#\/schema\/logo\/image\/","url":"https:\/\/www.erotikgebiet.de\/wp-content\/uploads\/2018\/11\/erotikgebiet-logo-Klein.png","contentUrl":"https:\/\/www.erotikgebiet.de\/wp-content\/uploads\/2018\/11\/erotikgebiet-logo-Klein.png","width":399,"height":80,"caption":"www.erotikgebiet.de"},"image":{"@id":"https:\/\/www.erotikgebiet.de\/de_de\/#\/schema\/logo\/image\/"}}]}},"_links":{"self":[{"href":"https:\/\/www.erotikgebiet.de\/de_de\/wp-json\/wp\/v2\/pages\/2215","targetHints":{"allow":["GET"]}}],"collection":[{"href":"https:\/\/www.erotikgebiet.de\/de_de\/wp-json\/wp\/v2\/pages"}],"about":[{"href":"https:\/\/www.erotikgebiet.de\/de_de\/wp-json\/wp\/v2\/types\/page"}],"author":[{"embeddable":true,"href":"https:\/\/www.erotikgebiet.de\/de_de\/wp-json\/wp\/v2\/users\/1"}],"replies":[{"embeddable":true,"href":"https:\/\/www.erotikgebiet.de\/de_de\/wp-json\/wp\/v2\/comments?post=2215"}],"version-history":[{"count":2,"href":"https:\/\/www.erotikgebiet.de\/de_de\/wp-json\/wp\/v2\/pages\/2215\/revisions"}],"predecessor-version":[{"id":2248,"href":"https:\/\/www.erotikgebiet.de\/de_de\/wp-json\/wp\/v2\/pages\/2215\/revisions\/2248"}],"wp:attachment":[{"href":"https:\/\/www.erotikgebiet.de\/de_de\/wp-json\/wp\/v2\/media?parent=2215"}],"curies":[{"name":"wp","href":"https:\/\/api.w.org\/{rel}","templated":true}]}}