{"id":2126,"date":"2018-11-06T15:57:10","date_gmt":"2018-11-06T14:57:10","guid":{"rendered":"http:\/\/erotikgebiet.de\/?page_id=2126"},"modified":"2018-11-06T15:57:10","modified_gmt":"2018-11-06T14:57:10","slug":"nutzung","status":"publish","type":"page","link":"https:\/\/www.erotikgebiet.de\/es\/nutzung\/","title":{"rendered":"F\u00fcr alle Besucher unserer Webseiten, im folgenden User genannt, gelten die folgenden Nutzungsbedingungen des Onlineangebotes"},"content":{"rendered":"<p><u>1. Vollj\u00e4hrigkeit<\/u><br \/>\nMit betreten der Angebote von <a href=\"https:\/\/erotikgebiet.de\/\">erotikgebiet.de<\/a> erkl\u00e4rt der User im Sinne des Gesetzes des Landes in dem er sich zum Zeitpunkt der Nutzung befinde, vollj\u00e4hrig zu sein, und es ihm vom Gesetz oder seiner moralischen Einstellung gestattet ist, erotische Darstellungen von Menschen zu sehen.<br \/>\nDesweiteren best\u00e4tigt er, die entsprechenden Internetaddressen und ihre Inhalte in keinster Form Minderj\u00e4hrigen zug\u00e4nglich zu machen.<br \/>\n<u>2. Inhalt des Onlineangebotes<\/u><br \/>\n<a href=\"https:\/\/erotikgebiet.de\/\">erotikgebiet.de<\/a>  \u00fcbernimmt keinerlei Gew\u00e4hr f\u00fcr die Aktualit\u00e4t, Korrektheit, Vollst\u00e4ndigkeit oder Qualit\u00e4t der bereitgestellten Informationen. Haftungsanspr\u00fcche gegen das  <a href=\"https:\/\/erotikgebiet.de\/\">erotikgebiet.de<\/a> , welche sich auf Sch\u00e4den materieller oder ideeller Art beziehen, die durch die Nutzung oder Nichtnutzung der dargebotenen Informationen bzw. durch die Nutzung fehlerhafter und unvollst\u00e4ndiger Informationen verursacht wurden sind grunds\u00e4tzlich ausgeschlossen, sofern seitens des  <a href=\"https:\/\/erotikgebiet.de\/\">erotikgebiet.de<\/a>  kein nachweislich vors\u00e4tzliches oder grob fahrl\u00e4ssiges Verschulden vorliegt.<br \/>\nAlle Angebote sind freibleibend und unverbindlich.  <a href=\"https:\/\/erotikgebiet.de\/\">erotikgebiet.de<\/a> beh\u00e4lt es sich ausdr\u00fccklich vor, Teile der Seiten oder das gesamte Angebot ohne gesonderte Ank\u00fcndigung zu ver\u00e4ndern, zu erg\u00e4nzen, zu l\u00f6schen oder die Ver\u00f6ffentlichung zeitweise oder endg\u00fcltig einzustellen.<br \/>\n<u>3. Verweise und Links<br \/>\n<\/u><br \/>\nBei direkten oder indirekten Verweisen auf fremde Internetseiten (&#8222;Links&#8220;), die au\u00dferhalb des Verantwortungsbereiches des <a href=\"https:\/\/erotikgebiet.de\/\">erotikgebiet.de<\/a> liegen, w\u00fcrde eine Haftungsverpflichtung ausschlie\u00dflich in dem Fall in Kraft treten, in dem der Autor von den Inhalten Kenntnis hat und es ihm technisch m\u00f6glich und zumutbar w\u00e4re, die Nutzung im Falle rechtswidriger Inhalte zu verhindern.<br \/>\n<a href=\"https:\/\/erotikgebiet.de\/\">erotikgebiet.de<\/a> erkl\u00e4rt daher ausdr\u00fccklich, dass zum Zeitpunkt der Linksetzung die entsprechenden verlinkten Seiten frei von illegalen Inhalten waren. <a href=\"https:\/\/erotikgebiet.de\/\">erotikgebiet.de<\/a> hat keinerlei Einfluss auf die aktuelle und zuk\u00fcnftige Gestaltung und auf die Inhalte der gelinkten\/verkn\u00fcpften Seiten. Deshalb distanziert er sich hiermit ausdr\u00fccklich von allen Inhalten aller gelinkten \/verkn\u00fcpften Seiten, die nach der Linksetzung ver\u00e4ndert wurden. Diese Feststellung gilt f\u00fcr alle innerhalb des Internetangebotes von <a href=\"https:\/\/erotikgebiet.de\/\">erotikgebiet.de<\/a> gesetzten Links und Verweise sowie f\u00fcr Fremdeintr\u00e4ge in von <a href=\"https:\/\/erotikgebiet.de\/\">erotikgebiet.de<\/a> eingerichteten G\u00e4steb\u00fcchern, Diskussionsforen und Mailinglisten. F\u00fcr illegale, fehlerhafte oder unvollst\u00e4ndige Inhalte und insbesondere f\u00fcr Sch\u00e4den, die aus der Nutzung oder Nichtnutzung solcherart dargebotener Informationen entstehen, haftet allein der Anbieter der Seite, auf welche verwiesen wurde, nicht derjenige, der \u00fcber Links auf die jeweilige Ver\u00f6ffentlichung lediglich verweist.<br \/>\n<u>4. Urheber- und Kennzeichenrecht<\/u><br \/>\n<a href=\"https:\/\/erotikgebiet.de\/\">erotikgebiet.de<\/a> ist bestrebt, in allen Publikationen die Urheberrechte der verwendeten Grafiken, Tondokumente, Videosequenzen und Texte zu beachten, von ihm selbst erstellte Grafiken, Tondokumente, Videosequenzen und Texte zu nutzen oder auf lizenzfreie Grafiken, Tondokumente, Videosequenzen und Texte zur\u00fcckzugreifen.<br \/>\nAlle innerhalb des Internetangebotes genannten und ggf. durch Dritte gesch\u00fctzten Marken- und Warenzeichen unterliegen uneingeschr\u00e4nkt den Bestimmungen des jeweils g\u00fcltigen Kennzeichenrechts und den Besitzrechten der jeweiligen eingetragenen Eigent\u00fcmer. Allein aufgrund der blo\u00dfen Nennung ist nicht der Schluss zu ziehen, dass Markenzeichen nicht durch Rechte Dritter gesch\u00fctzt sind!<br \/>\nDas Copyright f\u00fcr ver\u00f6ffentlichte, vom  <a href=\"https:\/\/erotikgebiet.de\/\">erotikgebiet.de<\/a> selbst erstellte Objekte bleibt allein beim <a href=\"https:\/\/erotikgebiet.de\/\">erotikgebiet.de<\/a>. Eine Vervielf\u00e4ltigung oder Verwendung solcher Grafiken, Tondokumente, Videosequenzen und Texte in anderen elektronischen oder gedruckten Publikationen ist ohne ausdr\u00fcckliche Zustimmung des <a href=\"https:\/\/erotikgebiet.de\/\">erotikgebiet.de<\/a> nicht gestattet.<br \/>\n<u>5. Rechtswirksamkeit dieses Haftungsausschlusses<\/u><br \/>\nDieser Haftungsausschluss ist als Teil des Internetangebotes zu betrachten, von dem aus auf diese Seite verwiesen wurde. Sofern Teile oder einzelne Formulierungen dieses Textes der geltenden Rechtslage nicht, nicht mehr oder nicht vollst\u00e4ndig entsprechen sollten, bleiben die \u00fcbrigen Teile des Dokumentes in ihrem Inhalt und ihrer G\u00fcltigkeit davon unber\u00fchrt.<\/p>\n<p><u>6. Hinweise zum Datenschutz<\/u><br \/>\nIm folgenden m\u00f6chten wir Dich dar\u00fcber informieren, welche Deiner pers\u00f6nlichen Daten bei <a href=\"https:\/\/erotikgebiet.de\/\">erotikgebiet.de<\/a> erfragt und gespeichert werden und wie wir mit diesen Daten umgehen.<br \/>\nWir bitten Dich, Dir diese Hinweise zum Datenschutz regelm\u00e4\u00dfig durchzulesen, da sie sich hin und wieder \u00e4ndern k\u00f6nnen.<\/p>\n<p><b>Protecci\u00f3n de datos<\/b><br \/>\nWir bem\u00fchen uns, die meisten Dienste zur anonymen Benutzung zur Verf\u00fcgung zu stellen.<br \/>\nDie pers\u00f6nlichen Daten werden nur im Rahmen der von Dir erteilten Einwilligung verwendet.<br \/>\nDu hast jederzeit die M\u00f6glichkeit eine erteilte Einwilligung zu widerrufen.<br \/>\nOhne Dein ausdr\u00fcckliches Einverst\u00e4ndnis geben wir keine pers\u00f6nlichen Daten weiter. Es sei denn, wir sind rechtlich zur Herausgabe verpflichtet.<\/p>\n<p><b>Pers\u00f6nliche Daten<\/b><br \/>\nPers\u00f6nliche Daten sind diejenigen Informationen, die eine Identifizierung einer Person m\u00f6glich machen.<br \/>\nDazu geh\u00f6ren insbesondere Name, Geburtsdatum, Adresse und Telefonnummer.<br \/>\nAnonyme Daten sind zum Beispiel Angaben, die Du \u00fcber Deine Vorlieben oder \u00e4hnliches machst.<br \/>\nDie Auswertung dieser Daten, die nicht auf Deine Person zur\u00fcckgef\u00fchrt werden k\u00f6nnen, hilft uns die Gewohnheiten unserer Nutzer festzustellen, um unser Angebot nutzerfreundlicher zu gestalten sowie den W\u00fcnschen und Bed\u00fcrfnissen unserer Nutzer anzupassen.<\/p>\n<p><b>Welche Daten werden abgefragt?<\/b><br \/>\nDie Daten werden von uns je nach Art des in Anspruch genommenen Dienstes erhoben.<br \/>\nF\u00fcr bestimmte Dienste ist beispielsweise eine Registrierung unerl\u00e4\u00dflich.<br \/>\nDieses sind z.B.<br \/>\nSuchmaschineneintrag: Username, Vor- und Zuname, eMailadresse sowie die ben\u00f6tigten Daten der Webseite um sie in unsere Datenbank aufnehmen zu k\u00f6nnen.<br \/>\nPostkartenservice: Name und eMailadresse vom Empf\u00e4nger und Absender der Postkarte. Diese Daten werden f\u00fcr den Postkartendienst ben\u00f6tigt, jedoch nach sp\u00e4testens 60 Tagen gel\u00f6scht, unabh\u00e4ngig davon, ob die Postkarte abgeholt wurde oder nicht.<br \/>\nErotikforum: Username, Passwort und eMailadresse. Weitere Angaben (Homepage, ICQ, etc.) sind optional.<br \/>\nZum Teil werden wir Dich im Rahmen von Umfragen um die Angabe von Informationen bitten. Diese ben\u00f6tigen wir, um das Angebot f\u00fcr Dich interessanter zu gestalten und unsere Dienste immer wieder auf aktuellem Stand anbieten zu k\u00f6nnen.<\/p>\n<p><b>Wer sammelt meine Daten ?<\/b><br \/>\nGrunds\u00e4tzlich werden Deine auf unseren Seiten mitgeteilten Angaben ausschlie\u00dflich in unseren Datenbanken gesammelt, es sei denn, Du wirst ausdr\u00fccklich darauf hingewiesen. Dies geschieht z.B. im Rahmen von Gewinnspielen, wenn die Gewinnaussch\u00fcttungen ausnahmsweise durch Partnerunternehmen von uns vorgenommen werden. In diesen F\u00e4llen wirst Du nat\u00fcrlich dar\u00fcber informiert, bei wem Deine Daten gesammelt werden.<br \/>\nWir weisen darauf hin, dass einige Partner (d.h. Unternehmen mit denen wir zusammenarbeiten, werbende Anzeigekunden und andere Internet-Sites und -Dienste, die durch den Erotik-Webplan zug\u00e4nglich sind) m\u00f6glicherweise auch Daten \u00fcber Dich sammeln. Diese Unternehmen haben eigene Datenschutz-Richtlinien, die von dieser Erkl\u00e4rung unabh\u00e4ngig sind.<\/p>\n<p><b>Was machen wir mit Deinen pers\u00f6nlichen und anonymen Daten ?<\/b><br \/>\nIn den meisten F\u00e4llen ben\u00f6tigen wir Deine pers\u00f6nlichen Daten, zur Durchf\u00fchrung des jeweiligen Dienstes.<br \/>\nDie von Dir angegebenen Daten erm\u00f6glichen es uns ferner, statistische Erhebungen \u00fcber die Benutzergewohnheiten in anonymer Art und Weise zu machen, um die jeweiligen Dienste den Bed\u00fcrfnissen der Nutzer in standardisierter Form anzupassen.<br \/>\nNeben der Verwendung pers\u00f6nlicher Informationen zur Erm\u00f6glichung des jeweiligen Services, sammeln wir auch anonyme Daten, wenn unsere Seiten besucht werden. Diese Informationen sind sowohl f\u00fcr Marketingzwecke, als auch f\u00fcr eine Verbesserung der angebotenen Dienste hilfreich. Dadurch ist es uns m\u00f6glich, viele unserer Dienste kostenlos anzubieten.<\/p>\n<p><b>Habe ich auf die Verwendung meiner Daten Einfluss ?<\/b><br \/>\nSelbstverst\u00e4ndlich hast Du das alleinige Entscheidungsrecht, ob und f\u00fcr welche Zwecke wir Deine Daten verwenden d\u00fcrfen. So hast Du bei verschiedenen Diensten die M\u00f6glichkeit, einen Newsletter mit gezielten Informationen zu beziehen. Diesen kannst Du auch jederzeit wieder abbestellen. In der Regel ist am Ende des Newsletters ein hierf\u00fcr vorgesehener Link angebracht, der ein problemloses Abbestellen des Newsletters erm\u00f6glicht. Ferner bestimmst Du alleine, ob Deine Daten an Dritte weitergegeben werden oder ob wir Deine Daten f\u00fcr Zwecke der Beratung, Werbung und Marktforschung nutzen d\u00fcrfen. Auch hier kann selbstverst\u00e4ndlich ein einmal erteiltes Einverst\u00e4ndnis jederzeit durch Dich widerrufen werden. Auch den Einsatz von Cookies kannst Du beeinflussen. Durch \u00c4ndern Deiner Browser-Einstellungen (zumeist unter &#8222;Option&#8220; oder &#8222;Einstellungen&#8220; in den Men\u00fcs der Browser zu finden) hast Du die Wahl alle Cookies zu akzeptieren, beim Setzen eines Cookies informiert zu werden oder alle Cookies abzulehnen.<br \/>\nWenn Du Dich entscheidest, unsere Cookies nicht anzunehmen, kann es m\u00f6glich sein, dass die Funktionalit\u00e4t auf unseren Seiten vermindert ist und manche Dienste nicht in Anspruch genommen werden k\u00f6nnen. Daf\u00fcr bitten wir Dich um Verst\u00e4ndnis.<\/p>\n<p><b>Geben wir Deine Daten an Dritte weiter ?<\/b><br \/>\n<u>Wir verkaufen und verleihen keine Nutzerinformationen.<\/u><br \/>\nSoweit eine \u00dcbertragung Deiner Daten f\u00fcr das Bereitstellen eines Dienstes erforderlich ist, erfolgt dies nur mit Deinem Einverst\u00e4ndnis. Nur in Ausnahmef\u00e4llen h\u00e4ngt die Inanspruchnahme eines Dienstes von der \u00dcbertragung Deiner Daten an unsere Partnerunternehmen ab. In diesen F\u00e4llen wirst Du dar\u00fcber aber vor der Datensammlung informiert und kannst w\u00e4hlen, ob Du Dein Einverst\u00e4ndnis zur Datenweitergabe erteilst oder lieber von dem jeweiligen Dienst Abstand nimmst.<br \/>\nGelegentlich werden wir von Privatpersonen gebeten, die Identit\u00e4t unserer Nutzer offen zu legen. Die pers\u00f6nlichen Daten unserer Nutzer legen wir grunds\u00e4tzlich nur offen, wenn wir rechtlich dazu verpflichtet sind. Das ist dann der Fall, wenn staatliche Einrichtungen (z.B. Strafverfolgungsbeh\u00f6rden) uns um Auskunft ersuchen oder wir eine richterliche Verf\u00fcgung diesbez\u00fcglich erhalten. Im \u00fcbrigen wahren wir die Vertraulichkeit Deiner Identit\u00e4t.<\/p>\n<p><b>Wie kann ich meine Daten \u00fcberpr\u00fcfen, korrigieren oder l\u00f6schen ?<\/b><br \/>\nSofern Du Dich zur Inanspruchnahme eines Dienstes registrieren lassen hast, erh\u00e4lst Du einen Mitgliedsnamen und ein Kennwort. \u00dcber diese hast Du Zugriff auf Deine Daten und kannst Sie aktualisieren oder deren L\u00f6schung veranlassen, sofern Du den jeweiligen Dienst nicht mehr in Anspruch nehmen m\u00f6chtest. Nur bei unserem entgeltlichen Diensten sind wir zu Abrechnungszwecken berechtigt, Deine Daten l\u00e4ngerfristig zu speichern.<\/p>\n<p><b>Was sind Cookies ?<\/b><br \/>\nCookies sind geringe Datenmengen in Form von Textinformationen, die der Webserver an Deinen Browser sendet. Diese werden lediglich auf Deiner Festplatte gespeichert. Sie k\u00f6nnen jeweils nur von dem Server, der sie vorher auch abgelegt hat, gelesen werden und erhalten Informationen dar\u00fcber was Du Dir auf einer Webseite angesehen hast und wann. Mit Hilfe von Cookies kann die Nutzung des Internets effektiver gestaltet werden. Bei der Verwendung von Cookies handelt es sich um Industriestandards. Etliche Internetanbieter setzen sie ein, um ihren Kunden n\u00fctzliche Funktionen zu bieten. Cookies selbst identifizieren nur anonym die IP-Adresse des Computers und speichern keine pers\u00f6nlichen Informationen, wie beispielsweise Deinen Namen. Da aus solchen Informationen nicht ohne weiteres eine nat\u00fcrliche Person individualisiert werden kann, ist die Verwendung von Cookies zul\u00e4ssig.<br \/>\nBei Cookies hast Du die Wahl, ob Du diese zulassen m\u00f6chtest. \u00c4nderungen hierzu k\u00f6nnen in Deinen Browsereinstellungen vorgenommen werden.<\/p>\n<p><b>Was kannst Du selber tun, um zu verhindern, dass Deine pers\u00f6nlichen Daten in falsche H\u00e4nde geraten ?<\/b><br \/>\nM\u00f6glicherweise gibst Du Deine pers\u00f6nlichen Daten im Rahmen verschiedener Dienste wie Chat, im Rahmen eines eMailaustausches oder auf Deiner eigenen Homepage bekannt. Diese Art der \u00dcbermittlung f\u00e4llt nicht unter die vorhergehenden Hinweise, da dies ausserhalb des Einflussbereiches von uns liegt. Sei insoweit stets vorsichtig mit der Bekanntgabe pers\u00f6nlicher Daten.<br \/>\nAuch solltest Du m\u00f6glichst bei der Wahl der Passw\u00f6rter darauf achten, dass Du keine Passw\u00f6rter verwendest, die ohne weiteres mit Deiner Person in Verbindung gebracht werden k\u00f6nnen. Ferner empfehlen wir, auch darauf zu achten, die Passw\u00f6rter in m\u00f6glichst regelm\u00e4\u00dfigen Abst\u00e4nden zu \u00e4ndern.<\/p>","protected":false},"excerpt":{"rendered":"<p>1. Vollj\u00e4hrigkeit Mit betreten der Angebote von erotikgebiet.de erkl\u00e4rt der User im Sinne des Gesetzes des Landes in dem er sich zum Zeitpunkt der Nutzung befinde, vollj\u00e4hrig zu sein, und es ihm vom Gesetz oder seiner moralischen Einstellung gestattet ist, erotische Darstellungen von Menschen zu sehen. Desweiteren best\u00e4tigt er, die entsprechenden Internetaddressen und ihre Inhalte [&hellip;]<\/p>","protected":false},"author":1,"featured_media":0,"parent":0,"menu_order":0,"comment_status":"closed","ping_status":"closed","template":"","meta":{"footnotes":""},"class_list":["post-2126","page","type-page","status-publish","hentry"],"yoast_head":"<!-- This site is optimized with the Yoast SEO plugin v25.5 - https:\/\/yoast.com\/wordpress\/plugins\/seo\/ -->\n<title>F\u00fcr alle Besucher unserer Webseiten, im folgenden User genannt, gelten die folgenden Nutzungsbedingungen des Onlineangebotes - www.erotikgebiet.de<\/title>\n<meta name=\"robots\" content=\"index, follow, max-snippet:-1, max-image-preview:large, max-video-preview:-1\" \/>\n<link rel=\"canonical\" href=\"https:\/\/www.erotikgebiet.de\/es\/nutzung\/\" \/>\n<meta property=\"og:locale\" content=\"es_ES\" \/>\n<meta property=\"og:type\" content=\"article\" \/>\n<meta property=\"og:title\" content=\"F\u00fcr alle Besucher unserer Webseiten, im folgenden User genannt, gelten die folgenden Nutzungsbedingungen des Onlineangebotes - www.erotikgebiet.de\" \/>\n<meta property=\"og:description\" content=\"1. Vollj\u00e4hrigkeit Mit betreten der Angebote von erotikgebiet.de erkl\u00e4rt der User im Sinne des Gesetzes des Landes in dem er sich zum Zeitpunkt der Nutzung befinde, vollj\u00e4hrig zu sein, und es ihm vom Gesetz oder seiner moralischen Einstellung gestattet ist, erotische Darstellungen von Menschen zu sehen. Desweiteren best\u00e4tigt er, die entsprechenden Internetaddressen und ihre Inhalte [&hellip;]\" \/>\n<meta property=\"og:url\" content=\"https:\/\/www.erotikgebiet.de\/es\/nutzung\/\" \/>\n<meta property=\"og:site_name\" content=\"www.erotikgebiet.de\" \/>\n<meta name=\"twitter:card\" content=\"summary_large_image\" \/>\n<meta name=\"twitter:label1\" content=\"Tiempo de lectura\" \/>\n\t<meta name=\"twitter:data1\" content=\"9 minutos\" \/>\n<script type=\"application\/ld+json\" class=\"yoast-schema-graph\">{\"@context\":\"https:\/\/schema.org\",\"@graph\":[{\"@type\":\"WebPage\",\"@id\":\"https:\/\/www.erotikgebiet.de\/nutzung\/\",\"url\":\"https:\/\/www.erotikgebiet.de\/nutzung\/\",\"name\":\"F\u00fcr alle Besucher unserer Webseiten, im folgenden User genannt, gelten die folgenden Nutzungsbedingungen des Onlineangebotes - www.erotikgebiet.de\",\"isPartOf\":{\"@id\":\"https:\/\/www.erotikgebiet.de\/de_de\/#website\"},\"datePublished\":\"2018-11-06T14:57:10+00:00\",\"breadcrumb\":{\"@id\":\"https:\/\/www.erotikgebiet.de\/nutzung\/#breadcrumb\"},\"inLanguage\":\"es\",\"potentialAction\":[{\"@type\":\"ReadAction\",\"target\":[\"https:\/\/www.erotikgebiet.de\/nutzung\/\"]}]},{\"@type\":\"BreadcrumbList\",\"@id\":\"https:\/\/www.erotikgebiet.de\/nutzung\/#breadcrumb\",\"itemListElement\":[{\"@type\":\"ListItem\",\"position\":1,\"name\":\"Startseite\",\"item\":\"https:\/\/www.erotikgebiet.de\/de_de\/\"},{\"@type\":\"ListItem\",\"position\":2,\"name\":\"F\u00fcr alle Besucher unserer Webseiten, im folgenden User genannt, gelten die folgenden Nutzungsbedingungen des Onlineangebotes\"}]},{\"@type\":\"WebSite\",\"@id\":\"https:\/\/www.erotikgebiet.de\/de_de\/#website\",\"url\":\"https:\/\/www.erotikgebiet.de\/de_de\/\",\"name\":\"www.erotikgebiet.de\",\"description\":\"Deutschlands Erotikmagazin\",\"publisher\":{\"@id\":\"https:\/\/www.erotikgebiet.de\/de_de\/#organization\"},\"potentialAction\":[{\"@type\":\"SearchAction\",\"target\":{\"@type\":\"EntryPoint\",\"urlTemplate\":\"https:\/\/www.erotikgebiet.de\/de_de\/?s={search_term_string}\"},\"query-input\":{\"@type\":\"PropertyValueSpecification\",\"valueRequired\":true,\"valueName\":\"search_term_string\"}}],\"inLanguage\":\"es\"},{\"@type\":\"Organization\",\"@id\":\"https:\/\/www.erotikgebiet.de\/de_de\/#organization\",\"name\":\"www.erotikgebiet.de\",\"url\":\"https:\/\/www.erotikgebiet.de\/de_de\/\",\"logo\":{\"@type\":\"ImageObject\",\"inLanguage\":\"es\",\"@id\":\"https:\/\/www.erotikgebiet.de\/de_de\/#\/schema\/logo\/image\/\",\"url\":\"https:\/\/www.erotikgebiet.de\/wp-content\/uploads\/2018\/11\/erotikgebiet-logo-Klein.png\",\"contentUrl\":\"https:\/\/www.erotikgebiet.de\/wp-content\/uploads\/2018\/11\/erotikgebiet-logo-Klein.png\",\"width\":399,\"height\":80,\"caption\":\"www.erotikgebiet.de\"},\"image\":{\"@id\":\"https:\/\/www.erotikgebiet.de\/de_de\/#\/schema\/logo\/image\/\"}}]}<\/script>\n<!-- \/ Yoast SEO plugin. -->","yoast_head_json":{"title":"F\u00fcr alle Besucher unserer Webseiten, im folgenden User genannt, gelten die folgenden Nutzungsbedingungen des Onlineangebotes - www.erotikgebiet.de","robots":{"index":"index","follow":"follow","max-snippet":"max-snippet:-1","max-image-preview":"max-image-preview:large","max-video-preview":"max-video-preview:-1"},"canonical":"https:\/\/www.erotikgebiet.de\/es\/nutzung\/","og_locale":"es_ES","og_type":"article","og_title":"F\u00fcr alle Besucher unserer Webseiten, im folgenden User genannt, gelten die folgenden Nutzungsbedingungen des Onlineangebotes - www.erotikgebiet.de","og_description":"1. Vollj\u00e4hrigkeit Mit betreten der Angebote von erotikgebiet.de erkl\u00e4rt der User im Sinne des Gesetzes des Landes in dem er sich zum Zeitpunkt der Nutzung befinde, vollj\u00e4hrig zu sein, und es ihm vom Gesetz oder seiner moralischen Einstellung gestattet ist, erotische Darstellungen von Menschen zu sehen. Desweiteren best\u00e4tigt er, die entsprechenden Internetaddressen und ihre Inhalte [&hellip;]","og_url":"https:\/\/www.erotikgebiet.de\/es\/nutzung\/","og_site_name":"www.erotikgebiet.de","twitter_card":"summary_large_image","twitter_misc":{"Tiempo de lectura":"9 minutos"},"schema":{"@context":"https:\/\/schema.org","@graph":[{"@type":"WebPage","@id":"https:\/\/www.erotikgebiet.de\/nutzung\/","url":"https:\/\/www.erotikgebiet.de\/nutzung\/","name":"F\u00fcr alle Besucher unserer Webseiten, im folgenden User genannt, gelten die folgenden Nutzungsbedingungen des Onlineangebotes - www.erotikgebiet.de","isPartOf":{"@id":"https:\/\/www.erotikgebiet.de\/de_de\/#website"},"datePublished":"2018-11-06T14:57:10+00:00","breadcrumb":{"@id":"https:\/\/www.erotikgebiet.de\/nutzung\/#breadcrumb"},"inLanguage":"es","potentialAction":[{"@type":"ReadAction","target":["https:\/\/www.erotikgebiet.de\/nutzung\/"]}]},{"@type":"BreadcrumbList","@id":"https:\/\/www.erotikgebiet.de\/nutzung\/#breadcrumb","itemListElement":[{"@type":"ListItem","position":1,"name":"Startseite","item":"https:\/\/www.erotikgebiet.de\/de_de\/"},{"@type":"ListItem","position":2,"name":"F\u00fcr alle Besucher unserer Webseiten, im folgenden User genannt, gelten die folgenden Nutzungsbedingungen des Onlineangebotes"}]},{"@type":"WebSite","@id":"https:\/\/www.erotikgebiet.de\/de_de\/#website","url":"https:\/\/www.erotikgebiet.de\/de_de\/","name":"www.erotikgebiet.de","description":"Deutschlands Erotikmagazin","publisher":{"@id":"https:\/\/www.erotikgebiet.de\/de_de\/#organization"},"potentialAction":[{"@type":"SearchAction","target":{"@type":"EntryPoint","urlTemplate":"https:\/\/www.erotikgebiet.de\/de_de\/?s={search_term_string}"},"query-input":{"@type":"PropertyValueSpecification","valueRequired":true,"valueName":"search_term_string"}}],"inLanguage":"es"},{"@type":"Organization","@id":"https:\/\/www.erotikgebiet.de\/de_de\/#organization","name":"www.erotikgebiet.de","url":"https:\/\/www.erotikgebiet.de\/de_de\/","logo":{"@type":"ImageObject","inLanguage":"es","@id":"https:\/\/www.erotikgebiet.de\/de_de\/#\/schema\/logo\/image\/","url":"https:\/\/www.erotikgebiet.de\/wp-content\/uploads\/2018\/11\/erotikgebiet-logo-Klein.png","contentUrl":"https:\/\/www.erotikgebiet.de\/wp-content\/uploads\/2018\/11\/erotikgebiet-logo-Klein.png","width":399,"height":80,"caption":"www.erotikgebiet.de"},"image":{"@id":"https:\/\/www.erotikgebiet.de\/de_de\/#\/schema\/logo\/image\/"}}]}},"_links":{"self":[{"href":"https:\/\/www.erotikgebiet.de\/es\/wp-json\/wp\/v2\/pages\/2126","targetHints":{"allow":["GET"]}}],"collection":[{"href":"https:\/\/www.erotikgebiet.de\/es\/wp-json\/wp\/v2\/pages"}],"about":[{"href":"https:\/\/www.erotikgebiet.de\/es\/wp-json\/wp\/v2\/types\/page"}],"author":[{"embeddable":true,"href":"https:\/\/www.erotikgebiet.de\/es\/wp-json\/wp\/v2\/users\/1"}],"replies":[{"embeddable":true,"href":"https:\/\/www.erotikgebiet.de\/es\/wp-json\/wp\/v2\/comments?post=2126"}],"version-history":[{"count":0,"href":"https:\/\/www.erotikgebiet.de\/es\/wp-json\/wp\/v2\/pages\/2126\/revisions"}],"wp:attachment":[{"href":"https:\/\/www.erotikgebiet.de\/es\/wp-json\/wp\/v2\/media?parent=2126"}],"curies":[{"name":"wp","href":"https:\/\/api.w.org\/{rel}","templated":true}]}}